{"id":151,"date":"2021-07-06T16:32:59","date_gmt":"2021-07-06T14:32:59","guid":{"rendered":"https:\/\/www.ra-thomasgeib.de\/?page_id=151"},"modified":"2023-03-23T13:59:45","modified_gmt":"2023-03-23T11:59:45","slug":"kanzlei","status":"publish","type":"page","link":"https:\/\/www.ra-thomasgeib.de\/","title":{"rendered":"KANZLEI"},"content":{"rendered":"\n<div class=\"wp-block-columns is-layout-flex wp-container-core-columns-is-layout-9d6595d7 wp-block-columns-is-layout-flex\">\n<div class=\"wp-block-column is-layout-flow wp-block-column-is-layout-flow\">\n<p>Die Kanzlei besteht seit ihrer Gr\u00fcndung durch Rechtsanwalt Thomas Geib im Jahr 1990. Berufsbetreuungen werden seit 1992 gef\u00fchrt.<\/p>\n\n\n\n<p>Die T\u00e4tigkeitsfelder umfassen  allgemeines Zivilrecht. Schwerpunktm\u00e4\u00dfig werden Inkassosachen bearbeitet. <\/p>\n<\/div>\n\n\n\n<div class=\"wp-block-column is-layout-flow wp-block-column-is-layout-flow\">\n<p>Im Rahmen der T\u00e4tigkeit als Berufsbetreuer werden Vorsorgevollmachten erstellt und \u00fcbernommen und Patientenverf\u00fcgungen angefertigt. <\/p>\n\n\n\n<p>Wir stehen Ihnen gerne als kompetente Ansprechpartner in den genannten Rechtsgebieten  zur Verf\u00fcgung.<\/p>\n<\/div>\n<\/div>\n\n\n<div class=\"wp-block-image is-style-default\">\n<figure class=\"alignleft size-large is-resized\"><img loading=\"lazy\" decoding=\"async\" src=\"https:\/\/www.ra-thomasgeib.de\/wp-content\/uploads\/2021\/07\/logotgrdkl.jpg\" alt=\"\" class=\"wp-image-192\" width=\"50\" height=\"50\"\/><\/figure>\n<\/div>\n\n\n<p><\/p>\n","protected":false},"excerpt":{"rendered":"<p>Die Kanzlei besteht seit ihrer Gr\u00fcndung durch Rechtsanwalt Thomas Geib im Jahr 1990. Berufsbetreuungen werden seit 1992 gef\u00fchrt. Die T\u00e4tigkeitsfelder umfassen allgemeines Zivilrecht. Schwerpunktm\u00e4\u00dfig werden Inkassosachen bearbeitet. Im Rahmen der T\u00e4tigkeit als Berufsbetreuer werden Vorsorgevollmachten erstellt und \u00fcbernommen und Patientenverf\u00fcgungen angefertigt. Wir stehen Ihnen gerne als kompetente Ansprechpartner in den genannten Rechtsgebieten zur Verf\u00fcgung.<\/p>\n","protected":false},"author":1,"featured_media":0,"parent":0,"menu_order":0,"comment_status":"closed","ping_status":"closed","template":"","meta":{"footnotes":""},"class_list":["post-151","page","type-page","status-publish","hentry"],"_links":{"self":[{"href":"https:\/\/www.ra-thomasgeib.de\/index.php?rest_route=\/wp\/v2\/pages\/151","targetHints":{"allow":["GET"]}}],"collection":[{"href":"https:\/\/www.ra-thomasgeib.de\/index.php?rest_route=\/wp\/v2\/pages"}],"about":[{"href":"https:\/\/www.ra-thomasgeib.de\/index.php?rest_route=\/wp\/v2\/types\/page"}],"author":[{"embeddable":true,"href":"https:\/\/www.ra-thomasgeib.de\/index.php?rest_route=\/wp\/v2\/users\/1"}],"replies":[{"embeddable":true,"href":"https:\/\/www.ra-thomasgeib.de\/index.php?rest_route=%2Fwp%2Fv2%2Fcomments&post=151"}],"version-history":[{"count":16,"href":"https:\/\/www.ra-thomasgeib.de\/index.php?rest_route=\/wp\/v2\/pages\/151\/revisions"}],"predecessor-version":[{"id":221,"href":"https:\/\/www.ra-thomasgeib.de\/index.php?rest_route=\/wp\/v2\/pages\/151\/revisions\/221"}],"wp:attachment":[{"href":"https:\/\/www.ra-thomasgeib.de\/index.php?rest_route=%2Fwp%2Fv2%2Fmedia&parent=151"}],"curies":[{"name":"wp","href":"https:\/\/api.w.org\/{rel}","templated":true}]}}